{"id":256,"date":"2022-05-21T09:21:09","date_gmt":"2022-05-21T09:21:09","guid":{"rendered":"https:\/\/e-c-t.info\/del-director\/"},"modified":"2022-05-23T16:42:00","modified_gmt":"2022-05-23T16:42:00","slug":"del-director","status":"publish","type":"page","link":"https:\/\/e-c-t.info\/es\/del-director\/","title":{"rendered":"Del Director"},"content":{"rendered":"\n<div class=\"wp-block-columns is-layout-flex wp-container-core-columns-is-layout-9d6595d7 wp-block-columns-is-layout-flex\">\n<div class=\"wp-block-column is-layout-flow wp-block-column-is-layout-flow\">\n<h1 class=\"has-text-align-center wp-block-heading\">Del Director<\/h1>\n<\/div>\n<\/div>\n\n<div class=\"wp-block-columns is-layout-flex wp-container-core-columns-is-layout-9d6595d7 wp-block-columns-is-layout-flex\">\n<div class=\"wp-block-column is-layout-flow wp-block-column-is-layout-flow\" style=\"flex-basis:33.33%\">\n<figure class=\"wp-block-image size-full\"><img loading=\"lazy\" decoding=\"async\" width=\"350\" height=\"425\" src=\"https:\/\/e-c-t.info\/wp-content\/uploads\/2022\/05\/Marcos2.png\" alt=\"\" class=\"wp-image-280\" srcset=\"https:\/\/e-c-t.info\/wp-content\/uploads\/2022\/05\/Marcos2.png 350w, https:\/\/e-c-t.info\/wp-content\/uploads\/2022\/05\/Marcos2-247x300.png 247w\" sizes=\"auto, (max-width: 350px) 100vw, 350px\" \/><\/figure>\n<\/div>\n\n\n\n<div class=\"wp-block-column is-layout-flow wp-block-column-is-layout-flow\" style=\"flex-basis:66.66%\">\n<p>Bienvenidos a la Escuela de Comunicaci\u00f3n Transcultural (ECT). El idioma y la cultura son inseparables. Ense\u00f1amos a nuestros estudiantes c\u00f3mo adquirir el idioma y la cultura juntos para que cuando se comuniquen en un entorno intercultural, puedan hacerlo a un nivel adulto.<\/p>\n\n\n\n<p><\/p>\n\n\n\n<p>Los l\u00edderes organizacionales reconocen que la comunicaci\u00f3n efectiva es la fuerza impulsora detr\u00e1s del \u00e9xito de sus organizaciones. M\u00e1s importante a\u00fan, para los estudiantes que realmente quieren marcar una diferencia en la sociedad, el cambio social, ante todo, comienza y termina con una comunicaci\u00f3n adecuada y competente dentro y entre grupos, organizaciones, instituciones y culturas.<\/p>\n\n\n\n<p><\/p>\n\n\n\n<p>Nuestros profesores y formadores han vivido y trabajado en todo el mundo y aportan una enorme riqueza de experiencia y conocimientos al programa. A los estudiantes de la ECT no s\u00f3lo se les ense\u00f1a teor\u00eda, sino que tambi\u00e9n se les capacita en la pr\u00e1ctica real de vivir y trabajar en un entorno intercultural. Los graduados de ECT est\u00e1n en una posici\u00f3n ideal para aplicar su conocimiento y experiencia para ser l\u00edderes en sus carreras y comunidades. Los graduados de ECT est\u00e1n en una posici\u00f3n ideal para aplicar su conocimiento y experiencia para ser l\u00edderes en sus carreras y comunidades.<\/p>\n\n\n\n<p><\/p>\n\n\n\n<p>En un mundo interconectado, los estudios de comunicaci\u00f3n son fundamentales para el siglo XXI. Estamos orgullosos de estar preparando l\u00edderes din\u00e1micos, personas que marcan la diferencia, con las habilidades para contribuir a la fuerza laboral y la sociedad del ma\u00f1ana.<\/p>\n\n\n\n<p>Saludos cordiales, <\/p>\n\n\n\n<p><\/p>\n\n\n\n<p><\/p>\n\n\n\n<p><\/p>\n\n\n\n<p>Marcos G Fonseca R<\/p>\n<\/div>\n<\/div>\n","protected":false},"excerpt":{"rendered":"<p>Del Director Bienvenidos a la Escuela de Comunicaci\u00f3n Transcultural (ECT). El idioma y la cultura son inseparables. Ense\u00f1amos a nuestros estudiantes c\u00f3mo adquirir el idioma y la cultura juntos para que cuando se comuniquen en un entorno intercultural, puedan hacerlo a un nivel adulto. Los l\u00edderes organizacionales reconocen que la comunicaci\u00f3n efectiva es la fuerza [&hellip;]<\/p>\n","protected":false},"author":1,"featured_media":0,"parent":0,"menu_order":0,"comment_status":"closed","ping_status":"closed","template":"","meta":{"_coblocks_attr":"","_coblocks_dimensions":"","_coblocks_responsive_height":"","_coblocks_accordion_ie_support":"","hide_page_title":"","footnotes":""},"class_list":["post-256","page","type-page","status-publish","hentry"],"aioseo_notices":[],"_links":{"self":[{"href":"https:\/\/e-c-t.info\/es\/wp-json\/wp\/v2\/pages\/256","targetHints":{"allow":["GET"]}}],"collection":[{"href":"https:\/\/e-c-t.info\/es\/wp-json\/wp\/v2\/pages"}],"about":[{"href":"https:\/\/e-c-t.info\/es\/wp-json\/wp\/v2\/types\/page"}],"author":[{"embeddable":true,"href":"https:\/\/e-c-t.info\/es\/wp-json\/wp\/v2\/users\/1"}],"replies":[{"embeddable":true,"href":"https:\/\/e-c-t.info\/es\/wp-json\/wp\/v2\/comments?post=256"}],"version-history":[{"count":10,"href":"https:\/\/e-c-t.info\/es\/wp-json\/wp\/v2\/pages\/256\/revisions"}],"predecessor-version":[{"id":283,"href":"https:\/\/e-c-t.info\/es\/wp-json\/wp\/v2\/pages\/256\/revisions\/283"}],"wp:attachment":[{"href":"https:\/\/e-c-t.info\/es\/wp-json\/wp\/v2\/media?parent=256"}],"curies":[{"name":"wp","href":"https:\/\/api.w.org\/{rel}","templated":true}]}}