{"id":154,"date":"2020-02-03T16:16:52","date_gmt":"2020-02-03T16:16:52","guid":{"rendered":"https:\/\/e-c-t.info\/escuela-de-comunicacion-transcultural\/"},"modified":"2023-07-27T21:09:30","modified_gmt":"2023-07-27T21:09:30","slug":"escuela-de-comunicacion-transcultural","status":"publish","type":"page","link":"https:\/\/e-c-t.info\/es\/","title":{"rendered":"Escuela de Comunicaci\u00f3n Transcultural"},"content":{"rendered":"\n<div class=\"wp-block-cover alignfull is-light has-parallax has-custom-content-position is-position-center-left is-style-default\"><span aria-hidden=\"true\" class=\"wp-block-cover__background has-background-dim-20 has-background-dim\"><\/span><div role=\"img\" class=\"wp-block-cover__image-background wp-image-27 has-parallax\" style=\"background-position:50% 50%;background-image:url(https:\/\/e-c-t.info\/wp-content\/uploads\/2022\/05\/amman-jordan.jpg)\"><\/div><div class=\"wp-block-cover__inner-container is-layout-flow wp-block-cover-is-layout-flow\">\n<h1 class=\"wp-block-heading has-quaternary-color has-text-color\" style=\"color:#ffffff\">Para que seas parte de la comunidad<\/h1>\n\n\n\n<h1 class=\"wp-block-heading has-quaternary-color has-text-color\" style=\"color:#ffffff\">donde vayas<\/h1>\n<\/div><\/div>\n\n<div role=\"navigation\" aria-label=\"Selector de idioma\" class=\"wpml-ls-statics-footer wpml-ls wpml-ls-legacy-list-horizontal\">\n\t<ul><li class=\"wpml-ls-slot-footer wpml-ls-item wpml-ls-item-en wpml-ls-first-item wpml-ls-item-legacy-list-horizontal\">\n\t\t\t\t<a href=\"https:\/\/e-c-t.info\/\" hreflang=\"en\" lang=\"en\" class=\"wpml-ls-link\" aria-label=\"Cambiar a Ingl\u00e9s (English)\" title=\"Cambiar a Ingl\u00e9s (English)\">\n\t\t\t\t\t                                    <img decoding=\"async\"\n            class=\"wpml-ls-flag\"\n            src=\"https:\/\/e-c-t.info\/wp-content\/uploads\/flags\/united-states.png\"\n            alt=\"\"\n            loading=\"lazy\"\n            width=18\n            height=12\n    \/><span class=\"wpml-ls-native\">English<\/span><span class=\"wpml-ls-display\"><span class=\"wpml-ls-bracket\"> (<\/span>Ingl\u00e9s<span class=\"wpml-ls-bracket\">)<\/span><\/span><\/a>\n\t\t\t<\/li><li class=\"wpml-ls-slot-footer wpml-ls-item wpml-ls-item-es wpml-ls-current-language wpml-ls-last-item wpml-ls-item-legacy-list-horizontal\">\n\t\t\t\t<a href=\"https:\/\/e-c-t.info\/es\/\" hreflang=\"es\" lang=\"es\" class=\"wpml-ls-link\" aria-current=\"page\" aria-label=\"Cambiar a Espa\u00f1ol (Espa\u00f1ol)\" title=\"Cambiar a Espa\u00f1ol (Espa\u00f1ol)\">\n\t\t\t\t\t                                    <img decoding=\"async\"\n            class=\"wpml-ls-flag\"\n            src=\"https:\/\/e-c-t.info\/wp-content\/uploads\/flags\/mexico.png\"\n            alt=\"\"\n            loading=\"lazy\"\n            width=18\n            height=12\n    \/><span class=\"wpml-ls-native\">Espa\u00f1ol<\/span><\/a>\n\t\t\t<\/li><\/ul>\n<\/div>\n\n\n<div class=\"wp-block-columns alignwide is-layout-flex wp-container-core-columns-is-layout-9d6595d7 wp-block-columns-is-layout-flex\">\n<div class=\"wp-block-column is-layout-flow wp-block-column-is-layout-flow\" style=\"flex-basis:66.66%\">\n<h2 class=\"wp-block-heading\"><em>\u00bfQUI\u00c9NES SOMOS?<\/em><\/h2>\n\n\n\n<p>La Escuela de Comunicaci\u00f3n Transcultural (ECT) fue establecida para ofrecer una educaci\u00f3n para los que tienen planes de ir a vivir y trabajar fuera de su pa\u00eds de origen. <\/p>\n<\/div>\n\n\n\n<div class=\"wp-block-column is-layout-flow wp-block-column-is-layout-flow\" style=\"flex-basis:33.33%\">\n<div class=\"wp-block-buttons is-layout-flex wp-block-buttons-is-layout-flex\">\n<div class=\"wp-block-button\"><a class=\"wp-block-button__link wp-element-button\" href=\"https:\/\/e-c-t.info\/es\/sobre-nosotros\/\">M\u00e1s Info<\/a><\/div>\n<\/div>\n<\/div>\n<\/div>\n\n<div class=\"wp-block-coblocks-services alignwide\"><div class=\"has-columns has-3-columns has-responsive-columns has-medium-gutter\">\n<div class=\"wp-block-coblocks-service\"><figure class=\"wp-block-coblocks-service__figure\"><img decoding=\"async\" src=\"https:\/\/e-c-t.info\/wp-content\/uploads\/2022\/05\/Comunicacion.png\" alt=\"\"\/><\/figure><div class=\"wp-block-coblocks-service__content\">\n<h3 class=\"wp-block-heading\">Comunicaci\u00f3n<\/h3>\n\n\n\n<h3 class=\"wp-block-heading\">Aprende C\u00d3MO adquirir<br\/>un idioma nuevo<\/h3>\n\n\n\n<p>Si no sabes c\u00f3mo aprender un idioma, puedes gastar a\u00f1os de tu vida sin nunca poder comunicarte bien en ese nuevo idioma. \u00bfQuieres que la gente te tome en serio? \u00bfQuieres que la gente te conf\u00ede como a cualquier otro miembro de su sociedad? Tendr\u00e1s que ser una persona con un alto nivel de proficiencia comunicativa.<\/p>\n<\/div><\/div>\n\n\n\n<div class=\"wp-block-coblocks-service\"><figure class=\"wp-block-coblocks-service__figure\"><img decoding=\"async\" src=\"https:\/\/e-c-t.info\/wp-content\/uploads\/2022\/05\/Relocion.png\" alt=\"\"\/><\/figure><div class=\"wp-block-coblocks-service__content\">\n<h3 class=\"wp-block-heading\">Relaci\u00f3n<\/h3>\n\n\n\n<h3 class=\"wp-block-heading\">Aprende C\u00d3MO establecer amistades interculturales<\/h3>\n\n\n\n<p>El prop\u00f3sito de aprender un idioma es poder formar relaciones sociales y profesionales con otros. Pero el idioma es s\u00f3lo PARTE del problema. Adem\u00e1s del idioma, tambi\u00e9n tendr\u00e1s que aprender a VER la cultura, y COMPRENDER c\u00f3mo funcionar bien dentro de ella.<\/p>\n<\/div><\/div>\n\n\n\n<div class=\"wp-block-coblocks-service\"><figure class=\"wp-block-coblocks-service__figure\"><img decoding=\"async\" src=\"https:\/\/e-c-t.info\/wp-content\/uploads\/2022\/05\/Empleo.png\" alt=\"\"\/><\/figure><div class=\"wp-block-coblocks-service__content\">\n<h3 class=\"wp-block-heading\">Empleo<\/h3>\n\n\n\n<h3 class=\"wp-block-heading\">Aprender C\u00d3MO ser un empleado efectivo en el extranjero<\/h3>\n\n\n\n<p>Hay razones por las que aprendes un nuevo idioma y una nueva cultura: es porque quieres vivir y trabajar en un lugar nuevo! En la Escuela de Comunicaci\u00f3n Transcultural, te vas a capacitar para funcionar efectivamente en cualquier contexto, para que el Patr\u00f3n pueda ver y valorar tus habilidades y car\u00e1cter.<\/p>\n<\/div><\/div>\n\n\n\n<div class=\"wp-block-coblocks-service\"><div class=\"wp-block-coblocks-service__content\">\n<h3 class=\"wp-block-heading has-text-align-none\"><\/h3>\n\n\n\n<p class=\"has-text-align-none\"><\/p>\n<\/div><\/div>\n<\/div><\/div>\n\n<figure class=\"wp-block-video\"><video height=\"720\" style=\"aspect-ratio: 1280 \/ 720;\" width=\"1280\" poster=\"https:\/\/e-c-t.info\/wp-content\/uploads\/2023\/07\/VideoThumbnail.png\" controls=\"\" src=\"https:\/\/e-c-t.info\/wp-content\/uploads\/2022\/05\/ECT.m4v\"><\/video><\/figure>\n\n<div class=\"wp-block-group alignfull has-tertiary-background-color has-background\"><div class=\"wp-block-group__inner-container is-layout-flow wp-block-group-is-layout-flow\">\n<h3 class=\"wp-block-heading has-text-align-center\">Servicios<\/h3>\n\n\n\n<div style=\"height:20px\" aria-hidden=\"true\" class=\"wp-block-spacer\"><\/div>\n\n\n\n<div class=\"wp-block-columns is-layout-flex wp-container-core-columns-is-layout-9d6595d7 wp-block-columns-is-layout-flex\">\n<div class=\"wp-block-column is-layout-flow wp-block-column-is-layout-flow\">\n<p><strong><strong>Los siguientes temas se tratan en la ECT<\/strong><\/strong><\/p>\n\n\n\n<p><em><em>C\u00f3mo entender el estilo de trabajo y las expectativas del empleo en un contexto ajeno y mas\u2026<\/em><\/em><\/p>\n<\/div>\n\n\n\n<div class=\"wp-block-column is-layout-flow wp-block-column-is-layout-flow\">\n<div class=\"wp-block-buttons is-layout-flex wp-block-buttons-is-layout-flex\">\n<div class=\"wp-block-button\"><a class=\"wp-block-button__link wp-element-button\" href=\"https:\/\/e-c-t.info\/es\/servicios\/\">M\u00e1s Info<\/a><\/div>\n<\/div>\n<\/div>\n<\/div>\n<\/div><\/div>\n","protected":false},"excerpt":{"rendered":"<p>\u00bfQUI\u00c9NES SOMOS? La Escuela de Comunicaci\u00f3n Transcultural (ECT) fue establecida para ofrecer una educaci\u00f3n para los que tienen planes de ir a vivir y trabajar fuera de su pa\u00eds de origen. Servicios Los siguientes temas se tratan en la ECT C\u00f3mo entender el estilo de trabajo y las expectativas del empleo en un contexto ajeno [&hellip;]<\/p>\n","protected":false},"author":1,"featured_media":0,"parent":0,"menu_order":0,"comment_status":"closed","ping_status":"closed","template":"","meta":{"_coblocks_attr":"","_coblocks_dimensions":"","_coblocks_responsive_height":"","_coblocks_accordion_ie_support":"","hide_page_title":"","footnotes":""},"class_list":["post-154","page","type-page","status-publish","hentry"],"aioseo_notices":[],"_links":{"self":[{"href":"https:\/\/e-c-t.info\/es\/wp-json\/wp\/v2\/pages\/154","targetHints":{"allow":["GET"]}}],"collection":[{"href":"https:\/\/e-c-t.info\/es\/wp-json\/wp\/v2\/pages"}],"about":[{"href":"https:\/\/e-c-t.info\/es\/wp-json\/wp\/v2\/types\/page"}],"author":[{"embeddable":true,"href":"https:\/\/e-c-t.info\/es\/wp-json\/wp\/v2\/users\/1"}],"replies":[{"embeddable":true,"href":"https:\/\/e-c-t.info\/es\/wp-json\/wp\/v2\/comments?post=154"}],"version-history":[{"count":15,"href":"https:\/\/e-c-t.info\/es\/wp-json\/wp\/v2\/pages\/154\/revisions"}],"predecessor-version":[{"id":304,"href":"https:\/\/e-c-t.info\/es\/wp-json\/wp\/v2\/pages\/154\/revisions\/304"}],"wp:attachment":[{"href":"https:\/\/e-c-t.info\/es\/wp-json\/wp\/v2\/media?parent=154"}],"curies":[{"name":"wp","href":"https:\/\/api.w.org\/{rel}","templated":true}]}}