{"id":152,"date":"2020-02-04T18:31:27","date_gmt":"2020-02-04T18:31:27","guid":{"rendered":"https:\/\/e-c-t.info\/sobre-nosotros\/"},"modified":"2022-05-21T14:33:50","modified_gmt":"2022-05-21T14:33:50","slug":"sobre-nosotros","status":"publish","type":"page","link":"https:\/\/e-c-t.info\/es\/sobre-nosotros\/","title":{"rendered":"\u00bfQUI\u00c9NES SOMOS?"},"content":{"rendered":"\n<div class=\"wp-block-cover alignwide is-light\"><span aria-hidden=\"true\" class=\"has-tertiary-background-color has-background-dim-100 wp-block-cover__gradient-background has-background-dim\"><\/span><div class=\"wp-block-cover__inner-container is-layout-flow wp-block-cover-is-layout-flow\">\n<h1 class=\"has-text-align-center has-primary-color has-text-color wp-block-heading\">\u00bfQUI\u00c9NES SOMOS?<\/h1>\n\n\n\n<p class=\"has-text-align-center has-primary-color has-text-color\">La Escuela de Comunicaci\u00f3n Transcultural (ECT) fue establecida para ofrecer una educaci\u00f3n para los que tienen planes de ir a vivir y trabajar fuera de su pa\u00eds de origen.<\/p>\n<\/div><\/div>\n\n<div class=\"wp-block-columns alignwide is-layout-flex wp-container-core-columns-is-layout-9d6595d7 wp-block-columns-is-layout-flex\">\n<div class=\"wp-block-column is-layout-flow wp-block-column-is-layout-flow\">\n<h3 class=\"wp-block-heading\">Lo Que Hacemos<\/h3>\n\n\n\n<p>El programa de la ECT se lleva a cabo en el idioma ingl\u00e9s, principalmente para estudiantes de los EE.UU, Canad\u00e1 y otros pa\u00edses de habla inglesa.<br\/>Las clases y las dem\u00e1s actividades son dise\u00f1adas espec\u00edficamente para los norteamericanos que necesitan una experiencia fuera de su pa\u00eds ANTES de ir a trabajar permanentemente en el exterior.<\/p>\n<\/div>\n\n\n\n<div class=\"wp-block-column is-layout-flow wp-block-column-is-layout-flow\">\n<h3 class=\"wp-block-heading\">Pr\u00e1ctico<\/h3>\n\n\n\n<p>A trav\u00e9s de los 2 semestres, los alumnos aprender\u00e1n la teor\u00eda y la pr\u00e1ctica de la comunicaci\u00f3n transcultural, y todo lo necesario para que puedan desenvolverse efectivamente en sus carreras en el exterior, en cualquier regi\u00f3n del mundo: en el Medio-oriente, \u00c1frica, Asia o Europa. Los estudiantes de la ECT se equipar\u00e1n en lo m\u00e1s pr\u00e1ctico y lo m\u00e1s fundamental para sobrevivir y ser exitosos en su nuevo ambiente.<\/p>\n<\/div>\n<\/div>\n\n<figure class=\"wp-block-image alignwide size-full\"><img loading=\"lazy\" decoding=\"async\" width=\"800\" height=\"345\" src=\"https:\/\/e-c-t.info\/wp-content\/uploads\/2022\/05\/clase.png\" alt=\"\" class=\"wp-image-53\" srcset=\"https:\/\/e-c-t.info\/wp-content\/uploads\/2022\/05\/clase.png 800w, https:\/\/e-c-t.info\/wp-content\/uploads\/2022\/05\/clase-300x129.png 300w, https:\/\/e-c-t.info\/wp-content\/uploads\/2022\/05\/clase-768x331.png 768w\" sizes=\"auto, (max-width: 800px) 100vw, 800px\" \/><\/figure>\n\n<div class=\"wp-block-columns is-layout-flex wp-container-core-columns-is-layout-9d6595d7 wp-block-columns-is-layout-flex\">\n<div class=\"wp-block-column is-layout-flow wp-block-column-is-layout-flow\" style=\"flex-basis:33.33%\">\n<h6 class=\"address wp-block-heading\"><strong>Tel\u00e9fono<\/strong><\/h6>\n\n\n\n<p>664-614-8972<\/p>\n\n\n\n<p><\/p>\n\n\n\n<hr class=\"wp-block-separator\"\/>\n\n\n\n<p><\/p>\n\n\n\n<h6 class=\"address wp-block-heading\"><strong>Direcci\u00f3n<\/strong><\/h6>\n\n\n\n<p class=\"address\">Valerio Trujano 6989<\/p>\n\n\n\n<p class=\"address\">Guerrero<\/p>\n\n\n\n<p class=\"address\">22055 Tijuana, BC MX<\/p>\n<\/div>\n\n\n\n<div class=\"wp-block-column is-layout-flow wp-block-column-is-layout-flow\" style=\"flex-basis:66.66%\">\n<div class=\"wpcf7 no-js\" id=\"wpcf7-f186-o1\" lang=\"es-ES\" dir=\"ltr\" data-wpcf7-id=\"186\">\n<div class=\"screen-reader-response\"><p role=\"status\" aria-live=\"polite\" aria-atomic=\"true\"><\/p> <ul><\/ul><\/div>\n<form action=\"\/es\/wp-json\/wp\/v2\/pages\/152#wpcf7-f186-o1\" method=\"post\" class=\"wpcf7-form init\" aria-label=\"Formulario de contacto\" novalidate=\"novalidate\" data-status=\"init\">\n<fieldset class=\"hidden-fields-container\"><input type=\"hidden\" name=\"_wpcf7\" value=\"186\" \/><input type=\"hidden\" name=\"_wpcf7_version\" value=\"6.1.5\" \/><input type=\"hidden\" name=\"_wpcf7_locale\" value=\"es_ES\" \/><input type=\"hidden\" name=\"_wpcf7_unit_tag\" value=\"wpcf7-f186-o1\" \/><input type=\"hidden\" name=\"_wpcf7_container_post\" value=\"0\" \/><input type=\"hidden\" name=\"_wpcf7_posted_data_hash\" value=\"\" \/>\n<\/fieldset>\n<p><label> Su nombre<br \/>\n<span class=\"wpcf7-form-control-wrap\" data-name=\"your-name\"><input size=\"40\" maxlength=\"400\" class=\"wpcf7-form-control wpcf7-text wpcf7-validates-as-required\" aria-required=\"true\" aria-invalid=\"false\" value=\"\" type=\"text\" name=\"your-name\" \/><\/span> <\/label>\n<\/p>\n<p><label> Tu correo electr\u00f3nico<br \/>\n<span class=\"wpcf7-form-control-wrap\" data-name=\"your-email\"><input size=\"40\" maxlength=\"400\" class=\"wpcf7-form-control wpcf7-email wpcf7-validates-as-required wpcf7-text wpcf7-validates-as-email\" aria-required=\"true\" aria-invalid=\"false\" value=\"\" type=\"email\" name=\"your-email\" \/><\/span> <\/label>\n<\/p>\n<p><label> Sujeto<br \/>\n<span class=\"wpcf7-form-control-wrap\" data-name=\"your-subject\"><input size=\"40\" maxlength=\"400\" class=\"wpcf7-form-control wpcf7-text wpcf7-validates-as-required\" aria-required=\"true\" aria-invalid=\"false\" value=\"\" type=\"text\" name=\"your-subject\" \/><\/span> <\/label>\n<\/p>\n<p><label> Tu mensaje (opcional)<br \/>\n<span class=\"wpcf7-form-control-wrap\" data-name=\"your-message\"><textarea cols=\"40\" rows=\"10\" maxlength=\"2000\" class=\"wpcf7-form-control wpcf7-textarea\" aria-invalid=\"false\" name=\"your-message\"><\/textarea><\/span> <\/label>\n<\/p>\n<p><input class=\"wpcf7-form-control wpcf7-submit has-spinner\" type=\"submit\" value=\"Submit\" \/>\n<\/p><div class=\"wpcf7-response-output\" aria-hidden=\"true\"><\/div>\n<\/form>\n<\/div>\n\n<\/div>\n<\/div>\n","protected":false},"excerpt":{"rendered":"<p>Lo Que Hacemos El programa de la ECT se lleva a cabo en el idioma ingl\u00e9s, principalmente para estudiantes de los EE.UU, Canad\u00e1 y otros pa\u00edses de habla inglesa.Las clases y las dem\u00e1s actividades son dise\u00f1adas espec\u00edficamente para los norteamericanos que necesitan una experiencia fuera de su pa\u00eds ANTES de ir a trabajar permanentemente en [&hellip;]<\/p>\n","protected":false},"author":1,"featured_media":0,"parent":0,"menu_order":0,"comment_status":"closed","ping_status":"closed","template":"","meta":{"_coblocks_attr":"","_coblocks_dimensions":"","_coblocks_responsive_height":"","_coblocks_accordion_ie_support":"","hide_page_title":"","footnotes":""},"class_list":["post-152","page","type-page","status-publish","hentry"],"aioseo_notices":[],"_links":{"self":[{"href":"https:\/\/e-c-t.info\/es\/wp-json\/wp\/v2\/pages\/152","targetHints":{"allow":["GET"]}}],"collection":[{"href":"https:\/\/e-c-t.info\/es\/wp-json\/wp\/v2\/pages"}],"about":[{"href":"https:\/\/e-c-t.info\/es\/wp-json\/wp\/v2\/types\/page"}],"author":[{"embeddable":true,"href":"https:\/\/e-c-t.info\/es\/wp-json\/wp\/v2\/users\/1"}],"replies":[{"embeddable":true,"href":"https:\/\/e-c-t.info\/es\/wp-json\/wp\/v2\/comments?post=152"}],"version-history":[{"count":32,"href":"https:\/\/e-c-t.info\/es\/wp-json\/wp\/v2\/pages\/152\/revisions"}],"predecessor-version":[{"id":277,"href":"https:\/\/e-c-t.info\/es\/wp-json\/wp\/v2\/pages\/152\/revisions\/277"}],"wp:attachment":[{"href":"https:\/\/e-c-t.info\/es\/wp-json\/wp\/v2\/media?parent=152"}],"curies":[{"name":"wp","href":"https:\/\/api.w.org\/{rel}","templated":true}]}}