{"id":140,"date":"2020-02-03T16:16:52","date_gmt":"2020-02-03T16:16:52","guid":{"rendered":"https:\/\/e-c-t.info\/servicios\/"},"modified":"2022-05-21T03:03:05","modified_gmt":"2022-05-21T03:03:05","slug":"servicios","status":"publish","type":"page","link":"https:\/\/e-c-t.info\/es\/servicios\/","title":{"rendered":"Servicios"},"content":{"rendered":"\n<figure class=\"wp-block-image alignfull size-full has-filter-dim\"><img loading=\"lazy\" decoding=\"async\" width=\"1024\" height=\"290\" src=\"https:\/\/e-c-t.info\/wp-content\/uploads\/2022\/05\/udaipur-city3.png\" alt=\"\" class=\"wp-image-45\" srcset=\"https:\/\/e-c-t.info\/wp-content\/uploads\/2022\/05\/udaipur-city3.png 1024w, https:\/\/e-c-t.info\/wp-content\/uploads\/2022\/05\/udaipur-city3-300x85.png 300w, https:\/\/e-c-t.info\/wp-content\/uploads\/2022\/05\/udaipur-city3-768x218.png 768w\" sizes=\"auto, (max-width: 1024px) 100vw, 1024px\" \/><\/figure>\n\n<h4 class=\"has-text-align-center wp-block-heading\">Los siguientes temas se tratan en la ECT<\/h4>\n\n<div class=\"wp-block-coblocks-services alignwide\"><div class=\"has-columns has-3-columns has-responsive-columns has-medium-gutter\">\n<div class=\"wp-block-coblocks-service\"><figure class=\"wp-block-coblocks-service__figure\"><img decoding=\"async\" src=\"https:\/\/e-c-t.info\/wp-content\/uploads\/2022\/05\/Amigas.png\" alt=\"\"\/><\/figure><div class=\"wp-block-coblocks-service__content\">\n<p>C\u00f3mo entablar amistades con personas de otra cultura.<\/p>\n<\/div><\/div>\n\n\n\n<div class=\"wp-block-coblocks-service\"><figure class=\"wp-block-coblocks-service__figure\"><img decoding=\"async\" src=\"https:\/\/e-c-t.info\/wp-content\/uploads\/2022\/05\/trabajo.png\" alt=\"\"\/><\/figure><div class=\"wp-block-coblocks-service__content\">\n<p>C\u00f3mo entender el estilo de trabajo y las expectativas del empleo en un contexto ajeno.<\/p>\n<\/div><\/div>\n\n\n\n<div class=\"wp-block-coblocks-service\"><figure class=\"wp-block-coblocks-service__figure\"><img decoding=\"async\" src=\"https:\/\/e-c-t.info\/wp-content\/uploads\/2022\/05\/Idioma.png\" alt=\"\"\/><\/figure><div class=\"wp-block-coblocks-service__content\">\n<p>C\u00f3mo aprender un nuevo idioma.<\/p>\n<\/div><\/div>\n\n\n\n<div class=\"wp-block-coblocks-service\"><div class=\"wp-block-coblocks-service__content\">\n<h3 class=\"has-text-align-none wp-block-heading\"><\/h3>\n\n\n\n<p class=\"has-text-align-none\"><\/p>\n<\/div><\/div>\n<\/div><\/div>\n\n<div class=\"wp-block-coblocks-services alignwide\"><div class=\"has-columns has-3-columns has-responsive-columns has-medium-gutter\">\n<div class=\"wp-block-coblocks-service\"><figure class=\"wp-block-coblocks-service__figure\"><img decoding=\"async\" src=\"https:\/\/e-c-t.info\/wp-content\/uploads\/2022\/05\/Cultura.png\" alt=\"\"\/><\/figure><div class=\"wp-block-coblocks-service__content\">\n<p>C\u00f3mo ser m\u00e1s consciente de la cultura que te rodea.<\/p>\n<\/div><\/div>\n\n\n\n<div class=\"wp-block-coblocks-service\"><figure class=\"wp-block-coblocks-service__figure\"><img decoding=\"async\" src=\"https:\/\/e-c-t.info\/wp-content\/uploads\/2022\/05\/Comunicacion2.png\" alt=\"\"\/><\/figure><div class=\"wp-block-coblocks-service__content\">\n<p> C\u00f3mo expresarse de una manera que se entienda correctamente en otra cultura.<\/p>\n<\/div><\/div>\n\n\n\n<div class=\"wp-block-coblocks-service\"><figure class=\"wp-block-coblocks-service__figure\"><img decoding=\"async\" src=\"https:\/\/e-c-t.info\/wp-content\/uploads\/2022\/05\/estres.png\" alt=\"\"\/><\/figure><div class=\"wp-block-coblocks-service__content\">\n<p>C\u00f3mo vivir con el estr\u00e9s de ser extranjero.<\/p>\n<\/div><\/div>\n\n\n\n<div class=\"wp-block-coblocks-service\"><div class=\"wp-block-coblocks-service__content\">\n<h3 class=\"has-text-align-none wp-block-heading\"><\/h3>\n\n\n\n<p class=\"has-text-align-none\"><\/p>\n<\/div><\/div>\n<\/div><\/div>\n\n<div class=\"wp-block-group alignfull has-tertiary-background-color has-background\"><div class=\"wp-block-group__inner-container is-layout-flow wp-block-group-is-layout-flow\">\n<h3 class=\"has-text-align-center wp-block-heading\">\u00a1Aprender un nuevo idioma es un trabajo duro!<\/h3>\n\n\n\n<p>C\u00f3mo adulto, se requiere mucho trabajo adquirir fluidez en un nuevo idioma. Y si no se ha criado en un entorno (como muchas partes de Europa) donde las personas hablan habitualmente un segundo y un tercer idioma, le resultar\u00e1 a\u00fan m\u00e1s intimidante pasar a la tarea de aprender idiomas.<\/p>\n\n\n\n<p><\/p>\n\n\n\n<p>La Escuela de Comunicaci\u00f3n Transcultural fue creada para ayudar a las personas brind\u00e1ndoles herramientas pr\u00e1cticas, f\u00e1ciles de usar y un sistema simple que permitir\u00e1 a cualquier persona aprender cualquier idioma.<\/p>\n\n\n\n<div style=\"height:20px\" aria-hidden=\"true\" class=\"wp-block-spacer\"><\/div>\n\n\n\n<div class=\"wp-block-columns is-layout-flex wp-container-core-columns-is-layout-9d6595d7 wp-block-columns-is-layout-flex\">\n<div class=\"wp-block-column is-layout-flow wp-block-column-is-layout-flow\"><\/div>\n\n\n\n<div class=\"wp-block-column is-layout-flow wp-block-column-is-layout-flow\"><\/div>\n<\/div>\n<\/div><\/div>\n","protected":false},"excerpt":{"rendered":"<p>Los siguientes temas se tratan en la ECT \u00a1Aprender un nuevo idioma es un trabajo duro! C\u00f3mo adulto, se requiere mucho trabajo adquirir fluidez en un nuevo idioma. Y si no se ha criado en un entorno (como muchas partes de Europa) donde las personas hablan habitualmente un segundo y un tercer idioma, le resultar\u00e1 [&hellip;]<\/p>\n","protected":false},"author":1,"featured_media":0,"parent":0,"menu_order":0,"comment_status":"closed","ping_status":"closed","template":"","meta":{"_coblocks_attr":"","_coblocks_dimensions":"","_coblocks_responsive_height":"","_coblocks_accordion_ie_support":"","hide_page_title":"","footnotes":""},"class_list":["post-140","page","type-page","status-publish","hentry"],"aioseo_notices":[],"_links":{"self":[{"href":"https:\/\/e-c-t.info\/es\/wp-json\/wp\/v2\/pages\/140","targetHints":{"allow":["GET"]}}],"collection":[{"href":"https:\/\/e-c-t.info\/es\/wp-json\/wp\/v2\/pages"}],"about":[{"href":"https:\/\/e-c-t.info\/es\/wp-json\/wp\/v2\/types\/page"}],"author":[{"embeddable":true,"href":"https:\/\/e-c-t.info\/es\/wp-json\/wp\/v2\/users\/1"}],"replies":[{"embeddable":true,"href":"https:\/\/e-c-t.info\/es\/wp-json\/wp\/v2\/comments?post=140"}],"version-history":[{"count":3,"href":"https:\/\/e-c-t.info\/es\/wp-json\/wp\/v2\/pages\/140\/revisions"}],"predecessor-version":[{"id":143,"href":"https:\/\/e-c-t.info\/es\/wp-json\/wp\/v2\/pages\/140\/revisions\/143"}],"wp:attachment":[{"href":"https:\/\/e-c-t.info\/es\/wp-json\/wp\/v2\/media?parent=140"}],"curies":[{"name":"wp","href":"https:\/\/api.w.org\/{rel}","templated":true}]}}